{"id":12,"date":"2020-06-01T18:40:40","date_gmt":"2020-06-01T18:40:40","guid":{"rendered":"https:\/\/smartdesignmx.com\/?page_id=12"},"modified":"2020-12-03T04:20:49","modified_gmt":"2020-12-03T04:20:49","slug":"inicio","status":"publish","type":"page","link":"https:\/\/smartdesignmx.com\/","title":{"rendered":"\u00a1Bienvenidos!"},"content":{"rendered":"\t\t<div data-elementor-type=\"wp-page\" data-elementor-id=\"12\" class=\"elementor elementor-12\">\n\t\t\t\t\t\t<div class=\"elementor-inner\">\n\t\t\t\t<div class=\"elementor-section-wrap\">\n\t\t\t\t\t\t\t\t\t<section class=\"elementor-section elementor-top-section elementor-element elementor-element-5c60ab9 elementor-section-stretched elementor-section-boxed elementor-section-height-default elementor-section-height-default\" data-id=\"5c60ab9\" data-element_type=\"section\" data-settings=\"{&quot;stretch_section&quot;:&quot;section-stretched&quot;}\">\n\t\t\t\t\t\t<div class=\"elementor-container elementor-column-gap-default\">\n\t\t\t\t\t\t\t<div class=\"elementor-row\">\n\t\t\t\t\t<div class=\"elementor-column elementor-col-100 elementor-top-column elementor-element elementor-element-946be0b\" data-id=\"946be0b\" data-element_type=\"column\">\n\t\t\t<div class=\"elementor-column-wrap elementor-element-populated\">\n\t\t\t\t\t\t\t<div class=\"elementor-widget-wrap\">\n\t\t\t\t\t\t<div class=\"elementor-element elementor-element-bf54f85 elementor-widget elementor-widget-shortcode\" data-id=\"bf54f85\" data-element_type=\"widget\" data-widget_type=\"shortcode.default\">\n\t\t\t\t<div class=\"elementor-widget-container\">\n\t\t\t\t\t<div class=\"elementor-shortcode\">\n<\/div>\n\t\t\t\t<\/div>\n\t\t\t\t<\/div>\n\t\t\t\t\t\t<\/div>\n\t\t\t\t\t<\/div>\n\t\t<\/div>\n\t\t\t\t\t\t\t\t<\/div>\n\t\t\t\t\t<\/div>\n\t\t<\/section>\n\t\t\t\t<section class=\"elementor-section elementor-top-section elementor-element elementor-element-1474496 elementor-section-boxed elementor-section-height-default elementor-section-height-default\" data-id=\"1474496\" data-element_type=\"section\">\n\t\t\t\t\t\t<div class=\"elementor-container elementor-column-gap-default\">\n\t\t\t\t\t\t\t<div class=\"elementor-row\">\n\t\t\t\t\t<div class=\"elementor-column elementor-col-100 elementor-top-column elementor-element elementor-element-4a26c5a\" data-id=\"4a26c5a\" data-element_type=\"column\">\n\t\t\t<div class=\"elementor-column-wrap elementor-element-populated\">\n\t\t\t\t\t\t\t<div class=\"elementor-widget-wrap\">\n\t\t\t\t\t\t<div class=\"elementor-element elementor-element-5c914d6 elementor-widget elementor-widget-heading\" data-id=\"5c914d6\" data-element_type=\"widget\" data-widget_type=\"heading.default\">\n\t\t\t\t<div class=\"elementor-widget-container\">\n\t\t\t<h2 class=\"elementor-heading-title elementor-size-default\">\u00a1Bienvenidos!<\/h2>\t\t<\/div>\n\t\t\t\t<\/div>\n\t\t\t\t\t\t<\/div>\n\t\t\t\t\t<\/div>\n\t\t<\/div>\n\t\t\t\t\t\t\t\t<\/div>\n\t\t\t\t\t<\/div>\n\t\t<\/section>\n\t\t\t\t<section class=\"elementor-section elementor-top-section elementor-element elementor-element-62b7748 elementor-section-boxed elementor-section-height-default elementor-section-height-default\" data-id=\"62b7748\" data-element_type=\"section\">\n\t\t\t\t\t\t<div class=\"elementor-container elementor-column-gap-default\">\n\t\t\t\t\t\t\t<div class=\"elementor-row\">\n\t\t\t\t\t<div class=\"elementor-column elementor-col-100 elementor-top-column elementor-element elementor-element-2f8e033e\" data-id=\"2f8e033e\" data-element_type=\"column\">\n\t\t\t<div class=\"elementor-column-wrap elementor-element-populated\">\n\t\t\t\t\t\t\t<div class=\"elementor-widget-wrap\">\n\t\t\t\t\t\t<div class=\"elementor-element elementor-element-2691a964 elementor-widget elementor-widget-text-editor\" data-id=\"2691a964\" data-element_type=\"widget\" data-widget_type=\"text-editor.default\">\n\t\t\t\t<div class=\"elementor-widget-container\">\n\t\t\t\t\t\t\t\t<div class=\"elementor-text-editor elementor-clearfix\">\n\t\t\t\t<p><!-- wp:paragraph --><\/p>\n<p><!-- \/wp:paragraph --><\/p>\n<p><!-- wp:paragraph {\"fontSize\":\"medium\"} --><\/p>\n<p class=\"has-medium-font-size\">SmartDesign es una empresa que incorpora todos los aspectos del DISE\u00d1O DE MODA de una manera vanguardista y tecnol\u00f3gica ya que manejamos programas de patronaje, graduaci\u00f3n, digitalizaci\u00f3n de trazo y mucho m\u00e1s.<\/p>\n<p><!-- \/wp:paragraph --><\/p>\t\t\t\t\t<\/div>\n\t\t\t\t\t\t<\/div>\n\t\t\t\t<\/div>\n\t\t\t\t\t\t<\/div>\n\t\t\t\t\t<\/div>\n\t\t<\/div>\n\t\t\t\t\t\t\t\t<\/div>\n\t\t\t\t\t<\/div>\n\t\t<\/section>\n\t\t\t\t<section class=\"elementor-section elementor-top-section elementor-element elementor-element-db2c6a8 elementor-section-stretched elementor-section-boxed elementor-section-height-default elementor-section-height-default\" data-id=\"db2c6a8\" data-element_type=\"section\" data-settings=\"{&quot;stretch_section&quot;:&quot;section-stretched&quot;}\">\n\t\t\t\t\t\t<div class=\"elementor-container elementor-column-gap-default\">\n\t\t\t\t\t\t\t<div class=\"elementor-row\">\n\t\t\t\t\t<div class=\"elementor-column elementor-col-100 elementor-top-column elementor-element elementor-element-c02d87c\" data-id=\"c02d87c\" data-element_type=\"column\">\n\t\t\t<div class=\"elementor-column-wrap elementor-element-populated\">\n\t\t\t\t\t\t\t<div class=\"elementor-widget-wrap\">\n\t\t\t\t\t\t<div class=\"elementor-element elementor-element-f391588 elementor-arrows-position-inside elementor-pagination-position-outside elementor-widget elementor-widget-image-carousel\" data-id=\"f391588\" data-element_type=\"widget\" data-settings=\"{&quot;slides_to_show&quot;:&quot;1&quot;,&quot;navigation&quot;:&quot;both&quot;,&quot;autoplay&quot;:&quot;yes&quot;,&quot;pause_on_hover&quot;:&quot;yes&quot;,&quot;pause_on_interaction&quot;:&quot;yes&quot;,&quot;autoplay_speed&quot;:5000,&quot;infinite&quot;:&quot;yes&quot;,&quot;effect&quot;:&quot;slide&quot;,&quot;speed&quot;:500}\" data-widget_type=\"image-carousel.default\">\n\t\t\t\t<div class=\"elementor-widget-container\">\n\t\t\t\t\t<div class=\"elementor-image-carousel-wrapper swiper-container\" dir=\"ltr\">\n\t\t\t<div class=\"elementor-image-carousel swiper-wrapper\">\n\t\t\t\t\t\t\t\t<div class=\"swiper-slide\"><figure class=\"swiper-slide-inner\"><img class=\"swiper-slide-image\" src=\"https:\/\/smartdesignmx.com\/wp-content\/uploads\/2020\/12\/SMART_DESING_QUIENES_SOMOS-1.jpg\" alt=\"SMART_DESING_QUIENES_SOMOS\" \/><\/figure><\/div>\t\t\t<\/div>\n\t\t\t\t\t<\/div>\n\t\t\t\t<\/div>\n\t\t\t\t<\/div>\n\t\t\t\t\t\t<\/div>\n\t\t\t\t\t<\/div>\n\t\t<\/div>\n\t\t\t\t\t\t\t\t<\/div>\n\t\t\t\t\t<\/div>\n\t\t<\/section>\n\t\t\t\t<section class=\"elementor-section elementor-top-section elementor-element elementor-element-8a9d595 elementor-section-boxed elementor-section-height-default elementor-section-height-default\" data-id=\"8a9d595\" data-element_type=\"section\">\n\t\t\t\t\t\t<div class=\"elementor-container elementor-column-gap-default\">\n\t\t\t\t\t\t\t<div class=\"elementor-row\">\n\t\t\t\t\t<div class=\"elementor-column elementor-col-100 elementor-top-column elementor-element elementor-element-81765c7\" data-id=\"81765c7\" data-element_type=\"column\">\n\t\t\t<div class=\"elementor-column-wrap elementor-element-populated\">\n\t\t\t\t\t\t\t<div class=\"elementor-widget-wrap\">\n\t\t\t\t\t\t<div class=\"elementor-element elementor-element-d4ff2db elementor-widget elementor-widget-spacer\" data-id=\"d4ff2db\" data-element_type=\"widget\" data-widget_type=\"spacer.default\">\n\t\t\t\t<div class=\"elementor-widget-container\">\n\t\t\t\t\t<div class=\"elementor-spacer\">\n\t\t\t<div class=\"elementor-spacer-inner\"><\/div>\n\t\t<\/div>\n\t\t\t\t<\/div>\n\t\t\t\t<\/div>\n\t\t\t\t\t\t<\/div>\n\t\t\t\t\t<\/div>\n\t\t<\/div>\n\t\t\t\t\t\t\t\t<\/div>\n\t\t\t\t\t<\/div>\n\t\t<\/section>\n\t\t\t\t<section class=\"elementor-section elementor-top-section elementor-element elementor-element-5e31f48 elementor-section-boxed elementor-section-height-default elementor-section-height-default\" data-id=\"5e31f48\" data-element_type=\"section\">\n\t\t\t\t\t\t<div class=\"elementor-container elementor-column-gap-default\">\n\t\t\t\t\t\t\t<div class=\"elementor-row\">\n\t\t\t\t\t<div class=\"elementor-column elementor-col-100 elementor-top-column elementor-element elementor-element-13540d5\" data-id=\"13540d5\" data-element_type=\"column\">\n\t\t\t<div class=\"elementor-column-wrap elementor-element-populated\">\n\t\t\t\t\t\t\t<div class=\"elementor-widget-wrap\">\n\t\t\t\t\t\t<div class=\"elementor-element elementor-element-ac9c9af elementor-widget elementor-widget-heading\" data-id=\"ac9c9af\" data-element_type=\"widget\" data-widget_type=\"heading.default\">\n\t\t\t\t<div class=\"elementor-widget-container\">\n\t\t\t<h2 class=\"elementor-heading-title elementor-size-default\">Cursos<\/h2>\t\t<\/div>\n\t\t\t\t<\/div>\n\t\t\t\t\t\t<\/div>\n\t\t\t\t\t<\/div>\n\t\t<\/div>\n\t\t\t\t\t\t\t\t<\/div>\n\t\t\t\t\t<\/div>\n\t\t<\/section>\n\t\t\t\t<section class=\"elementor-section elementor-top-section elementor-element elementor-element-6c8c503 elementor-section-boxed elementor-section-height-default elementor-section-height-default\" data-id=\"6c8c503\" data-element_type=\"section\">\n\t\t\t\t\t\t<div class=\"elementor-container elementor-column-gap-default\">\n\t\t\t\t\t\t\t<div class=\"elementor-row\">\n\t\t\t\t\t<div class=\"elementor-column elementor-col-100 elementor-top-column elementor-element elementor-element-2d5ad4a\" data-id=\"2d5ad4a\" data-element_type=\"column\">\n\t\t\t<div class=\"elementor-column-wrap elementor-element-populated\">\n\t\t\t\t\t\t\t<div class=\"elementor-widget-wrap\">\n\t\t\t\t\t\t<div class=\"elementor-element elementor-element-1c2d862 elementor-widget elementor-widget-text-editor\" data-id=\"1c2d862\" data-element_type=\"widget\" data-widget_type=\"text-editor.default\">\n\t\t\t\t<div class=\"elementor-widget-container\">\n\t\t\t\t\t\t\t\t<div class=\"elementor-text-editor elementor-clearfix\">\n\t\t\t\t<p>SmartDesign cuenta con diferentes cursos de programas especializados en dise\u00f1o y patronato autom\u00e1tico.<\/p>\t\t\t\t\t<\/div>\n\t\t\t\t\t\t<\/div>\n\t\t\t\t<\/div>\n\t\t\t\t\t\t<\/div>\n\t\t\t\t\t<\/div>\n\t\t<\/div>\n\t\t\t\t\t\t\t\t<\/div>\n\t\t\t\t\t<\/div>\n\t\t<\/section>\n\t\t\t\t<section class=\"elementor-section elementor-top-section elementor-element elementor-element-77e4b64 elementor-section-boxed elementor-section-height-default elementor-section-height-default\" data-id=\"77e4b64\" data-element_type=\"section\">\n\t\t\t\t\t\t<div class=\"elementor-container elementor-column-gap-default\">\n\t\t\t\t\t\t\t<div class=\"elementor-row\">\n\t\t\t\t\t<div class=\"elementor-column elementor-col-100 elementor-top-column elementor-element elementor-element-a865275\" data-id=\"a865275\" data-element_type=\"column\">\n\t\t\t<div class=\"elementor-column-wrap elementor-element-populated\">\n\t\t\t\t\t\t\t<div class=\"elementor-widget-wrap\">\n\t\t\t\t\t\t<div class=\"elementor-element elementor-element-e4eac0b elementor-align-center elementor-widget elementor-widget-button\" data-id=\"e4eac0b\" data-element_type=\"widget\" data-widget_type=\"button.default\">\n\t\t\t\t<div class=\"elementor-widget-container\">\n\t\t\t\t\t<div class=\"elementor-button-wrapper\">\n\t\t\t<a href=\"https:\/\/smartdesignmx.com\/index.php\/cursos\/\" class=\"elementor-button-link elementor-button elementor-size-sm\" role=\"button\">\n\t\t\t\t\t\t<span class=\"elementor-button-content-wrapper\">\n\t\t\t\t\t\t<span class=\"elementor-button-text\">Conoce m\u00e1s<\/span>\n\t\t<\/span>\n\t\t\t\t\t<\/a>\n\t\t<\/div>\n\t\t\t\t<\/div>\n\t\t\t\t<\/div>\n\t\t\t\t\t\t<\/div>\n\t\t\t\t\t<\/div>\n\t\t<\/div>\n\t\t\t\t\t\t\t\t<\/div>\n\t\t\t\t\t<\/div>\n\t\t<\/section>\n\t\t\t\t\t\t\t\t\t<\/div>\n\t\t\t<\/div>\n\t\t\t\t\t<\/div>\n\t\t","protected":false},"excerpt":{"rendered":"<p>\u00a1Bienvenidos! SmartDesign es una empresa que incorpora todos los aspectos del DISE\u00d1O DE MODA de una manera vanguardista y tecnol\u00f3gica ya que manejamos programas de patronaje, graduaci\u00f3n, digitalizaci\u00f3n de trazo y mucho m\u00e1s. Cursos SmartDesign cuenta con diferentes cursos de programas especializados en dise\u00f1o y patronato autom\u00e1tico. Conoce m\u00e1s<\/p>\n","protected":false},"author":2,"featured_media":0,"parent":0,"menu_order":0,"comment_status":"closed","ping_status":"closed","template":"elementor_header_footer","meta":{"_mi_skip_tracking":false},"yoast_head":"<!-- This site is optimized with the Yoast SEO plugin v19.3 - https:\/\/yoast.com\/wordpress\/plugins\/seo\/ -->\n<title>\u00a1Bienvenidos! - Smart Design<\/title>\n<meta name=\"robots\" content=\"index, follow, max-snippet:-1, max-image-preview:large, max-video-preview:-1\" \/>\n<link rel=\"canonical\" href=\"https:\/\/smartdesignmx.com\/\" \/>\n<meta property=\"og:locale\" content=\"es_ES\" \/>\n<meta property=\"og:type\" content=\"article\" \/>\n<meta property=\"og:title\" content=\"\u00a1Bienvenidos! - Smart Design\" \/>\n<meta property=\"og:description\" content=\"\u00a1Bienvenidos! SmartDesign es una empresa que incorpora todos los aspectos del DISE\u00d1O DE MODA de una manera vanguardista y tecnol\u00f3gica ya que manejamos programas de patronaje, graduaci\u00f3n, digitalizaci\u00f3n de trazo y mucho m\u00e1s. Cursos SmartDesign cuenta con diferentes cursos de programas especializados en dise\u00f1o y patronato autom\u00e1tico. Conoce m\u00e1s\" \/>\n<meta property=\"og:url\" content=\"https:\/\/smartdesignmx.com\/\" \/>\n<meta property=\"og:site_name\" content=\"Smart Design\" \/>\n<meta property=\"article:modified_time\" content=\"2020-12-03T04:20:49+00:00\" \/>\n<meta property=\"og:image\" content=\"https:\/\/smartdesignmx.com\/wp-content\/uploads\/2020\/12\/SMART_DESING_QUIENES_SOMOS-1.jpg\" \/>\n<meta name=\"twitter:card\" content=\"summary_large_image\" \/>\n<script type=\"application\/ld+json\" class=\"yoast-schema-graph\">{\"@context\":\"https:\/\/schema.org\",\"@graph\":[{\"@type\":\"Organization\",\"@id\":\"https:\/\/smartdesignmx.com\/#organization\",\"name\":\"Smart Design\",\"url\":\"https:\/\/smartdesignmx.com\/\",\"sameAs\":[],\"logo\":{\"@type\":\"ImageObject\",\"inLanguage\":\"es\",\"@id\":\"https:\/\/smartdesignmx.com\/#\/schema\/logo\/image\/\",\"url\":\"https:\/\/smartdesignmx.com\/wp-content\/uploads\/2020\/12\/cropped-LOGOS-07.png\",\"contentUrl\":\"https:\/\/smartdesignmx.com\/wp-content\/uploads\/2020\/12\/cropped-LOGOS-07.png\",\"width\":385,\"height\":238,\"caption\":\"Smart Design\"},\"image\":{\"@id\":\"https:\/\/smartdesignmx.com\/#\/schema\/logo\/image\/\"}},{\"@type\":\"WebSite\",\"@id\":\"https:\/\/smartdesignmx.com\/#website\",\"url\":\"https:\/\/smartdesignmx.com\/\",\"name\":\"Smart Design\",\"description\":\"SOLUCIONES DIGITALES EN DISE\u00d1O DE MODA\",\"publisher\":{\"@id\":\"https:\/\/smartdesignmx.com\/#organization\"},\"potentialAction\":[{\"@type\":\"SearchAction\",\"target\":{\"@type\":\"EntryPoint\",\"urlTemplate\":\"https:\/\/smartdesignmx.com\/?s={search_term_string}\"},\"query-input\":\"required name=search_term_string\"}],\"inLanguage\":\"es\"},{\"@type\":\"ImageObject\",\"inLanguage\":\"es\",\"@id\":\"https:\/\/smartdesignmx.com\/#primaryimage\",\"url\":\"https:\/\/smartdesignmx.com\/wp-content\/uploads\/2020\/12\/SMART_DESING_QUIENES_SOMOS-1.jpg\",\"contentUrl\":\"https:\/\/smartdesignmx.com\/wp-content\/uploads\/2020\/12\/SMART_DESING_QUIENES_SOMOS-1.jpg\",\"width\":1920,\"height\":1080},{\"@type\":\"WebPage\",\"@id\":\"https:\/\/smartdesignmx.com\/\",\"url\":\"https:\/\/smartdesignmx.com\/\",\"name\":\"\u00a1Bienvenidos! - Smart Design\",\"isPartOf\":{\"@id\":\"https:\/\/smartdesignmx.com\/#website\"},\"primaryImageOfPage\":{\"@id\":\"https:\/\/smartdesignmx.com\/#primaryimage\"},\"datePublished\":\"2020-06-01T18:40:40+00:00\",\"dateModified\":\"2020-12-03T04:20:49+00:00\",\"breadcrumb\":{\"@id\":\"https:\/\/smartdesignmx.com\/#breadcrumb\"},\"inLanguage\":\"es\",\"potentialAction\":[{\"@type\":\"ReadAction\",\"target\":[\"https:\/\/smartdesignmx.com\/\"]}]},{\"@type\":\"BreadcrumbList\",\"@id\":\"https:\/\/smartdesignmx.com\/#breadcrumb\",\"itemListElement\":[{\"@type\":\"ListItem\",\"position\":1,\"name\":\"Home\",\"item\":\"https:\/\/smartdesignmx.com\/\"},{\"@type\":\"ListItem\",\"position\":2,\"name\":\"\u00a1Bienvenidos!\"}]}]}<\/script>\n<!-- \/ Yoast SEO plugin. -->","yoast_head_json":{"title":"\u00a1Bienvenidos! - Smart Design","robots":{"index":"index","follow":"follow","max-snippet":"max-snippet:-1","max-image-preview":"max-image-preview:large","max-video-preview":"max-video-preview:-1"},"canonical":"https:\/\/smartdesignmx.com\/","og_locale":"es_ES","og_type":"article","og_title":"\u00a1Bienvenidos! - Smart Design","og_description":"\u00a1Bienvenidos! SmartDesign es una empresa que incorpora todos los aspectos del DISE\u00d1O DE MODA de una manera vanguardista y tecnol\u00f3gica ya que manejamos programas de patronaje, graduaci\u00f3n, digitalizaci\u00f3n de trazo y mucho m\u00e1s. Cursos SmartDesign cuenta con diferentes cursos de programas especializados en dise\u00f1o y patronato autom\u00e1tico. Conoce m\u00e1s","og_url":"https:\/\/smartdesignmx.com\/","og_site_name":"Smart Design","article_modified_time":"2020-12-03T04:20:49+00:00","og_image":[{"url":"https:\/\/smartdesignmx.com\/wp-content\/uploads\/2020\/12\/SMART_DESING_QUIENES_SOMOS-1.jpg"}],"twitter_card":"summary_large_image","schema":{"@context":"https:\/\/schema.org","@graph":[{"@type":"Organization","@id":"https:\/\/smartdesignmx.com\/#organization","name":"Smart Design","url":"https:\/\/smartdesignmx.com\/","sameAs":[],"logo":{"@type":"ImageObject","inLanguage":"es","@id":"https:\/\/smartdesignmx.com\/#\/schema\/logo\/image\/","url":"https:\/\/smartdesignmx.com\/wp-content\/uploads\/2020\/12\/cropped-LOGOS-07.png","contentUrl":"https:\/\/smartdesignmx.com\/wp-content\/uploads\/2020\/12\/cropped-LOGOS-07.png","width":385,"height":238,"caption":"Smart Design"},"image":{"@id":"https:\/\/smartdesignmx.com\/#\/schema\/logo\/image\/"}},{"@type":"WebSite","@id":"https:\/\/smartdesignmx.com\/#website","url":"https:\/\/smartdesignmx.com\/","name":"Smart Design","description":"SOLUCIONES DIGITALES EN DISE\u00d1O DE MODA","publisher":{"@id":"https:\/\/smartdesignmx.com\/#organization"},"potentialAction":[{"@type":"SearchAction","target":{"@type":"EntryPoint","urlTemplate":"https:\/\/smartdesignmx.com\/?s={search_term_string}"},"query-input":"required name=search_term_string"}],"inLanguage":"es"},{"@type":"ImageObject","inLanguage":"es","@id":"https:\/\/smartdesignmx.com\/#primaryimage","url":"https:\/\/smartdesignmx.com\/wp-content\/uploads\/2020\/12\/SMART_DESING_QUIENES_SOMOS-1.jpg","contentUrl":"https:\/\/smartdesignmx.com\/wp-content\/uploads\/2020\/12\/SMART_DESING_QUIENES_SOMOS-1.jpg","width":1920,"height":1080},{"@type":"WebPage","@id":"https:\/\/smartdesignmx.com\/","url":"https:\/\/smartdesignmx.com\/","name":"\u00a1Bienvenidos! - Smart Design","isPartOf":{"@id":"https:\/\/smartdesignmx.com\/#website"},"primaryImageOfPage":{"@id":"https:\/\/smartdesignmx.com\/#primaryimage"},"datePublished":"2020-06-01T18:40:40+00:00","dateModified":"2020-12-03T04:20:49+00:00","breadcrumb":{"@id":"https:\/\/smartdesignmx.com\/#breadcrumb"},"inLanguage":"es","potentialAction":[{"@type":"ReadAction","target":["https:\/\/smartdesignmx.com\/"]}]},{"@type":"BreadcrumbList","@id":"https:\/\/smartdesignmx.com\/#breadcrumb","itemListElement":[{"@type":"ListItem","position":1,"name":"Home","item":"https:\/\/smartdesignmx.com\/"},{"@type":"ListItem","position":2,"name":"\u00a1Bienvenidos!"}]}]}},"_links":{"self":[{"href":"https:\/\/smartdesignmx.com\/index.php\/wp-json\/wp\/v2\/pages\/12"}],"collection":[{"href":"https:\/\/smartdesignmx.com\/index.php\/wp-json\/wp\/v2\/pages"}],"about":[{"href":"https:\/\/smartdesignmx.com\/index.php\/wp-json\/wp\/v2\/types\/page"}],"author":[{"embeddable":true,"href":"https:\/\/smartdesignmx.com\/index.php\/wp-json\/wp\/v2\/users\/2"}],"replies":[{"embeddable":true,"href":"https:\/\/smartdesignmx.com\/index.php\/wp-json\/wp\/v2\/comments?post=12"}],"version-history":[{"count":33,"href":"https:\/\/smartdesignmx.com\/index.php\/wp-json\/wp\/v2\/pages\/12\/revisions"}],"predecessor-version":[{"id":227,"href":"https:\/\/smartdesignmx.com\/index.php\/wp-json\/wp\/v2\/pages\/12\/revisions\/227"}],"wp:attachment":[{"href":"https:\/\/smartdesignmx.com\/index.php\/wp-json\/wp\/v2\/media?parent=12"}],"curies":[{"name":"wp","href":"https:\/\/api.w.org\/{rel}","templated":true}]}}