{"id":14,"date":"2020-06-01T18:40:41","date_gmt":"2020-06-01T18:40:41","guid":{"rendered":"https:\/\/smartdesignmx.com\/?page_id=14"},"modified":"2020-12-03T04:01:56","modified_gmt":"2020-12-03T04:01:56","slug":"contacto","status":"publish","type":"page","link":"https:\/\/smartdesignmx.com\/index.php\/contacto\/","title":{"rendered":"Contacto"},"content":{"rendered":"\t\t<div data-elementor-type=\"wp-page\" data-elementor-id=\"14\" class=\"elementor elementor-14\">\n\t\t\t\t\t\t<div class=\"elementor-inner\">\n\t\t\t\t<div class=\"elementor-section-wrap\">\n\t\t\t\t\t\t\t\t\t<section class=\"elementor-section elementor-top-section elementor-element elementor-element-62ef5390 elementor-section-content-middle elementor-reverse-mobile elementor-section-boxed elementor-section-height-default elementor-section-height-default\" data-id=\"62ef5390\" data-element_type=\"section\">\n\t\t\t\t\t\t<div class=\"elementor-container elementor-column-gap-no\">\n\t\t\t\t\t\t\t<div class=\"elementor-row\">\n\t\t\t\t\t<div class=\"elementor-column elementor-col-50 elementor-top-column elementor-element elementor-element-698225e3\" data-id=\"698225e3\" data-element_type=\"column\">\n\t\t\t<div class=\"elementor-column-wrap elementor-element-populated\">\n\t\t\t\t\t\t\t<div class=\"elementor-widget-wrap\">\n\t\t\t\t\t\t<div class=\"elementor-element elementor-element-83ba18d elementor-widget elementor-widget-google_maps\" data-id=\"83ba18d\" data-element_type=\"widget\" data-widget_type=\"google_maps.default\">\n\t\t\t\t<div class=\"elementor-widget-container\">\n\t\t\t\t\t<div class=\"elementor-custom-embed\">\n\t\t\t<iframe frameborder=\"0\" scrolling=\"no\" marginheight=\"0\" marginwidth=\"0\"\n\t\t\t\t\tsrc=\"https:\/\/maps.google.com\/maps?q=NAUCALPAN%20CALLE%202%20NO.%2015&#038;t=m&#038;z=18&#038;output=embed&#038;iwloc=near\"\n\t\t\t\t\ttitle=\"NAUCALPAN CALLE 2 NO. 15\"\n\t\t\t\t\taria-label=\"NAUCALPAN CALLE 2 NO. 15\"\n\t\t\t><\/iframe>\n\t\t<\/div>\n\t\t\t\t<\/div>\n\t\t\t\t<\/div>\n\t\t\t\t\t\t<\/div>\n\t\t\t\t\t<\/div>\n\t\t<\/div>\n\t\t\t\t<div class=\"elementor-column elementor-col-50 elementor-top-column elementor-element elementor-element-59f966a6\" data-id=\"59f966a6\" data-element_type=\"column\">\n\t\t\t<div class=\"elementor-column-wrap elementor-element-populated\">\n\t\t\t\t\t\t\t<div class=\"elementor-widget-wrap\">\n\t\t\t\t\t\t<section class=\"elementor-section elementor-inner-section elementor-element elementor-element-1703ddb0 elementor-section-boxed elementor-section-height-default elementor-section-height-default\" data-id=\"1703ddb0\" data-element_type=\"section\">\n\t\t\t\t\t\t<div class=\"elementor-container elementor-column-gap-default\">\n\t\t\t\t\t\t\t<div class=\"elementor-row\">\n\t\t\t\t\t<div class=\"elementor-column elementor-col-100 elementor-inner-column elementor-element elementor-element-3bc731f\" data-id=\"3bc731f\" data-element_type=\"column\">\n\t\t\t<div class=\"elementor-column-wrap elementor-element-populated\">\n\t\t\t\t\t\t\t<div class=\"elementor-widget-wrap\">\n\t\t\t\t\t\t<div class=\"elementor-element elementor-element-b33e2a4 elementor-widget elementor-widget-heading\" data-id=\"b33e2a4\" data-element_type=\"widget\" data-widget_type=\"heading.default\">\n\t\t\t\t<div class=\"elementor-widget-container\">\n\t\t\t<h2 class=\"elementor-heading-title elementor-size-default\">\u00a1Cont\u00e1ctanos!<\/h2>\t\t<\/div>\n\t\t\t\t<\/div>\n\t\t\t\t\t\t<\/div>\n\t\t\t\t\t<\/div>\n\t\t<\/div>\n\t\t\t\t\t\t\t\t<\/div>\n\t\t\t\t\t<\/div>\n\t\t<\/section>\n\t\t\t\t<section class=\"elementor-section elementor-inner-section elementor-element elementor-element-776a90e elementor-section-boxed elementor-section-height-default elementor-section-height-default\" data-id=\"776a90e\" data-element_type=\"section\">\n\t\t\t\t\t\t<div class=\"elementor-container elementor-column-gap-default\">\n\t\t\t\t\t\t\t<div class=\"elementor-row\">\n\t\t\t\t\t<div class=\"elementor-column elementor-col-50 elementor-inner-column elementor-element elementor-element-f463d83\" data-id=\"f463d83\" data-element_type=\"column\">\n\t\t\t<div class=\"elementor-column-wrap elementor-element-populated\">\n\t\t\t\t\t\t\t<div class=\"elementor-widget-wrap\">\n\t\t\t\t\t\t<div class=\"elementor-element elementor-element-f28e108 elementor-widget elementor-widget-heading\" data-id=\"f28e108\" data-element_type=\"widget\" data-widget_type=\"heading.default\">\n\t\t\t\t<div class=\"elementor-widget-container\">\n\t\t\t<div class=\"elementor-heading-title elementor-size-default\">Ubicaci\u00f3n<\/div>\t\t<\/div>\n\t\t\t\t<\/div>\n\t\t\t\t<div class=\"elementor-element elementor-element-de46c11 elementor-widget elementor-widget-text-editor\" data-id=\"de46c11\" data-element_type=\"widget\" data-widget_type=\"text-editor.default\">\n\t\t\t\t<div class=\"elementor-widget-container\">\n\t\t\t\t\t\t\t\t<div class=\"elementor-text-editor elementor-clearfix\">\n\t\t\t\t<p>Zona Industrial, Alce Blanco, Naucalpan<\/p><p>Edo. de M\u00e9x.<\/p>\t\t\t\t\t<\/div>\n\t\t\t\t\t\t<\/div>\n\t\t\t\t<\/div>\n\t\t\t\t\t\t<\/div>\n\t\t\t\t\t<\/div>\n\t\t<\/div>\n\t\t\t\t<div class=\"elementor-column elementor-col-50 elementor-inner-column elementor-element elementor-element-b46e7de\" data-id=\"b46e7de\" data-element_type=\"column\">\n\t\t\t<div class=\"elementor-column-wrap elementor-element-populated\">\n\t\t\t\t\t\t\t<div class=\"elementor-widget-wrap\">\n\t\t\t\t\t\t<div class=\"elementor-element elementor-element-78f1b6f elementor-widget elementor-widget-heading\" data-id=\"78f1b6f\" data-element_type=\"widget\" data-widget_type=\"heading.default\">\n\t\t\t\t<div class=\"elementor-widget-container\">\n\t\t\t<div class=\"elementor-heading-title elementor-size-default\">Tel\u00e9fonos<\/div>\t\t<\/div>\n\t\t\t\t<\/div>\n\t\t\t\t<div class=\"elementor-element elementor-element-957d065 elementor-widget elementor-widget-text-editor\" data-id=\"957d065\" data-element_type=\"widget\" data-widget_type=\"text-editor.default\">\n\t\t\t\t<div class=\"elementor-widget-container\">\n\t\t\t\t\t\t\t\t<div class=\"elementor-text-editor elementor-clearfix\">\n\t\t\t\t<p>Tel : 55 2267 7824<\/p>\t\t\t\t\t<\/div>\n\t\t\t\t\t\t<\/div>\n\t\t\t\t<\/div>\n\t\t\t\t<div class=\"elementor-element elementor-element-30d8f1c elementor-widget elementor-widget-text-editor\" data-id=\"30d8f1c\" data-element_type=\"widget\" data-widget_type=\"text-editor.default\">\n\t\t\t\t<div class=\"elementor-widget-container\">\n\t\t\t\t\t\t\t\t<div class=\"elementor-text-editor elementor-clearfix\">\n\t\t\t\t<p>Email : contacto@smartdesignmx.com<\/p>\t\t\t\t\t<\/div>\n\t\t\t\t\t\t<\/div>\n\t\t\t\t<\/div>\n\t\t\t\t\t\t<\/div>\n\t\t\t\t\t<\/div>\n\t\t<\/div>\n\t\t\t\t\t\t\t\t<\/div>\n\t\t\t\t\t<\/div>\n\t\t<\/section>\n\t\t\t\t<section class=\"elementor-section elementor-inner-section elementor-element elementor-element-62dfe53f elementor-section-boxed elementor-section-height-default elementor-section-height-default\" data-id=\"62dfe53f\" data-element_type=\"section\">\n\t\t\t\t\t\t<div class=\"elementor-container elementor-column-gap-default\">\n\t\t\t\t\t\t\t<div class=\"elementor-row\">\n\t\t\t\t\t<div class=\"elementor-column elementor-col-50 elementor-inner-column elementor-element elementor-element-41fcbde3\" data-id=\"41fcbde3\" data-element_type=\"column\">\n\t\t\t<div class=\"elementor-column-wrap elementor-element-populated\">\n\t\t\t\t\t\t\t<div class=\"elementor-widget-wrap\">\n\t\t\t\t\t\t<div class=\"elementor-element elementor-element-556fbcb4 elementor-widget elementor-widget-heading\" data-id=\"556fbcb4\" data-element_type=\"widget\" data-widget_type=\"heading.default\">\n\t\t\t\t<div class=\"elementor-widget-container\">\n\t\t\t<div class=\"elementor-heading-title elementor-size-default\">Horarios<\/div>\t\t<\/div>\n\t\t\t\t<\/div>\n\t\t\t\t<div class=\"elementor-element elementor-element-3c510ad7 elementor-widget elementor-widget-text-editor\" data-id=\"3c510ad7\" data-element_type=\"widget\" data-widget_type=\"text-editor.default\">\n\t\t\t\t<div class=\"elementor-widget-container\">\n\t\t\t\t\t\t\t\t<div class=\"elementor-text-editor elementor-clearfix\">\n\t\t\t\t<p>LUN-VIE 09:00 &#8211; 19:00<\/p>\t\t\t\t\t<\/div>\n\t\t\t\t\t\t<\/div>\n\t\t\t\t<\/div>\n\t\t\t\t<div class=\"elementor-element elementor-element-18291f1e elementor-widget elementor-widget-text-editor\" data-id=\"18291f1e\" data-element_type=\"widget\" data-widget_type=\"text-editor.default\">\n\t\t\t\t<div class=\"elementor-widget-container\">\n\t\t\t\t\t\t\t\t<div class=\"elementor-text-editor elementor-clearfix\">\n\t\t\t\t<p>S\u00c1BADO 10:00 &#8211; 14:00<\/p>\t\t\t\t\t<\/div>\n\t\t\t\t\t\t<\/div>\n\t\t\t\t<\/div>\n\t\t\t\t\t\t<\/div>\n\t\t\t\t\t<\/div>\n\t\t<\/div>\n\t\t\t\t<div class=\"elementor-column elementor-col-50 elementor-inner-column elementor-element elementor-element-2a38d27d\" data-id=\"2a38d27d\" data-element_type=\"column\">\n\t\t\t<div class=\"elementor-column-wrap elementor-element-populated\">\n\t\t\t\t\t\t\t<div class=\"elementor-widget-wrap\">\n\t\t\t\t\t\t<div class=\"elementor-element elementor-element-4800bf0c elementor-widget elementor-widget-heading\" data-id=\"4800bf0c\" data-element_type=\"widget\" data-widget_type=\"heading.default\">\n\t\t\t\t<div class=\"elementor-widget-container\">\n\t\t\t<div class=\"elementor-heading-title elementor-size-default\">redes sociales<\/div>\t\t<\/div>\n\t\t\t\t<\/div>\n\t\t\t\t<div class=\"elementor-element elementor-element-305bc77e elementor-shape-square e-grid-align-left elementor-grid-0 elementor-widget elementor-widget-social-icons\" data-id=\"305bc77e\" data-element_type=\"widget\" data-widget_type=\"social-icons.default\">\n\t\t\t\t<div class=\"elementor-widget-container\">\n\t\t\t\t\t<div class=\"elementor-social-icons-wrapper elementor-grid\">\n\t\t\t\t\t\t\t<span class=\"elementor-grid-item\">\n\t\t\t\t\t<a class=\"elementor-icon elementor-social-icon elementor-social-icon-facebook elementor-animation-grow elementor-repeater-item-2d0da0c\" target=\"_blank\">\n\t\t\t\t\t\t<span class=\"elementor-screen-only\">Facebook<\/span>\n\t\t\t\t\t\t\t\t\t\t\t\t\t<i class=\"fa fa-facebook\"><\/i>\n\t\t\t\t\t\t\t\t\t\t\t<\/a>\n\t\t\t\t<\/span>\n\t\t\t\t\t\t\t<span class=\"elementor-grid-item\">\n\t\t\t\t\t<a class=\"elementor-icon elementor-social-icon elementor-social-icon-twitter elementor-animation-grow elementor-repeater-item-914746e\" target=\"_blank\">\n\t\t\t\t\t\t<span class=\"elementor-screen-only\">Twitter<\/span>\n\t\t\t\t\t\t\t\t\t\t\t\t\t<i class=\"fa fa-twitter\"><\/i>\n\t\t\t\t\t\t\t\t\t\t\t<\/a>\n\t\t\t\t<\/span>\n\t\t\t\t\t\t\t<span class=\"elementor-grid-item\">\n\t\t\t\t\t<a class=\"elementor-icon elementor-social-icon elementor-social-icon-google-plus elementor-animation-grow elementor-repeater-item-8a28a95\" target=\"_blank\">\n\t\t\t\t\t\t<span class=\"elementor-screen-only\">Google-plus<\/span>\n\t\t\t\t\t\t\t\t\t\t\t\t\t<i class=\"fa fa-google-plus\"><\/i>\n\t\t\t\t\t\t\t\t\t\t\t<\/a>\n\t\t\t\t<\/span>\n\t\t\t\t\t\t\t<span class=\"elementor-grid-item\">\n\t\t\t\t\t<a class=\"elementor-icon elementor-social-icon elementor-social-icon-youtube elementor-animation-grow elementor-repeater-item-d138417\" target=\"_blank\">\n\t\t\t\t\t\t<span class=\"elementor-screen-only\">Youtube<\/span>\n\t\t\t\t\t\t\t\t\t\t\t\t\t<i class=\"fa fa-youtube\"><\/i>\n\t\t\t\t\t\t\t\t\t\t\t<\/a>\n\t\t\t\t<\/span>\n\t\t\t\t\t<\/div>\n\t\t\t\t<\/div>\n\t\t\t\t<\/div>\n\t\t\t\t\t\t<\/div>\n\t\t\t\t\t<\/div>\n\t\t<\/div>\n\t\t\t\t\t\t\t\t<\/div>\n\t\t\t\t\t<\/div>\n\t\t<\/section>\n\t\t\t\t\t\t<\/div>\n\t\t\t\t\t<\/div>\n\t\t<\/div>\n\t\t\t\t\t\t\t\t<\/div>\n\t\t\t\t\t<\/div>\n\t\t<\/section>\n\t\t\t\t\t\t\t\t\t<\/div>\n\t\t\t<\/div>\n\t\t\t\t\t<\/div>\n\t\t","protected":false},"excerpt":{"rendered":"<p>\u00a1Cont\u00e1ctanos! Ubicaci\u00f3n Zona Industrial, Alce Blanco, Naucalpan Edo. de M\u00e9x. Tel\u00e9fonos Tel : 55 2267 7824 Email : contacto@smartdesignmx.com Horarios LUN-VIE 09:00 &#8211; 19:00 S\u00c1BADO 10:00 &#8211; 14:00 redes sociales Facebook Twitter Google-plus Youtube<\/p>\n","protected":false},"author":2,"featured_media":122,"parent":0,"menu_order":0,"comment_status":"closed","ping_status":"closed","template":"elementor_header_footer","meta":{"_mi_skip_tracking":false},"yoast_head":"<!-- This site is optimized with the Yoast SEO plugin v19.3 - https:\/\/yoast.com\/wordpress\/plugins\/seo\/ -->\n<title>Contacto - Smart Design<\/title>\n<meta name=\"robots\" content=\"index, follow, max-snippet:-1, max-image-preview:large, max-video-preview:-1\" \/>\n<link rel=\"canonical\" href=\"https:\/\/smartdesignmx.com\/index.php\/contacto\/\" \/>\n<meta property=\"og:locale\" content=\"es_ES\" \/>\n<meta property=\"og:type\" content=\"article\" \/>\n<meta property=\"og:title\" content=\"Contacto - Smart Design\" \/>\n<meta property=\"og:description\" content=\"\u00a1Cont\u00e1ctanos! Ubicaci\u00f3n Zona Industrial, Alce Blanco, Naucalpan Edo. de M\u00e9x. Tel\u00e9fonos Tel : 55 2267 7824 Email : contacto@smartdesignmx.com Horarios LUN-VIE 09:00 &#8211; 19:00 S\u00c1BADO 10:00 &#8211; 14:00 redes sociales Facebook Twitter Google-plus Youtube\" \/>\n<meta property=\"og:url\" content=\"https:\/\/smartdesignmx.com\/index.php\/contacto\/\" \/>\n<meta property=\"og:site_name\" content=\"Smart Design\" \/>\n<meta property=\"article:modified_time\" content=\"2020-12-03T04:01:56+00:00\" \/>\n<meta property=\"og:image\" content=\"https:\/\/smartdesignmx.com\/wp-content\/uploads\/2020\/06\/BANNER-4-1.jpg\" \/>\n\t<meta property=\"og:image:width\" content=\"1400\" \/>\n\t<meta property=\"og:image:height\" content=\"785\" \/>\n\t<meta property=\"og:image:type\" content=\"image\/jpeg\" \/>\n<meta name=\"twitter:card\" content=\"summary_large_image\" \/>\n<script type=\"application\/ld+json\" class=\"yoast-schema-graph\">{\"@context\":\"https:\/\/schema.org\",\"@graph\":[{\"@type\":\"Organization\",\"@id\":\"https:\/\/smartdesignmx.com\/#organization\",\"name\":\"Smart Design\",\"url\":\"https:\/\/smartdesignmx.com\/\",\"sameAs\":[],\"logo\":{\"@type\":\"ImageObject\",\"inLanguage\":\"es\",\"@id\":\"https:\/\/smartdesignmx.com\/#\/schema\/logo\/image\/\",\"url\":\"https:\/\/smartdesignmx.com\/wp-content\/uploads\/2020\/12\/cropped-LOGOS-07.png\",\"contentUrl\":\"https:\/\/smartdesignmx.com\/wp-content\/uploads\/2020\/12\/cropped-LOGOS-07.png\",\"width\":385,\"height\":238,\"caption\":\"Smart Design\"},\"image\":{\"@id\":\"https:\/\/smartdesignmx.com\/#\/schema\/logo\/image\/\"}},{\"@type\":\"WebSite\",\"@id\":\"https:\/\/smartdesignmx.com\/#website\",\"url\":\"https:\/\/smartdesignmx.com\/\",\"name\":\"Smart Design\",\"description\":\"SOLUCIONES DIGITALES EN DISE\u00d1O DE MODA\",\"publisher\":{\"@id\":\"https:\/\/smartdesignmx.com\/#organization\"},\"potentialAction\":[{\"@type\":\"SearchAction\",\"target\":{\"@type\":\"EntryPoint\",\"urlTemplate\":\"https:\/\/smartdesignmx.com\/?s={search_term_string}\"},\"query-input\":\"required name=search_term_string\"}],\"inLanguage\":\"es\"},{\"@type\":\"ImageObject\",\"inLanguage\":\"es\",\"@id\":\"https:\/\/smartdesignmx.com\/index.php\/contacto\/#primaryimage\",\"url\":\"https:\/\/smartdesignmx.com\/wp-content\/uploads\/2020\/06\/BANNER-4-1.jpg\",\"contentUrl\":\"https:\/\/smartdesignmx.com\/wp-content\/uploads\/2020\/06\/BANNER-4-1.jpg\",\"width\":1400,\"height\":785},{\"@type\":\"WebPage\",\"@id\":\"https:\/\/smartdesignmx.com\/index.php\/contacto\/\",\"url\":\"https:\/\/smartdesignmx.com\/index.php\/contacto\/\",\"name\":\"Contacto - Smart Design\",\"isPartOf\":{\"@id\":\"https:\/\/smartdesignmx.com\/#website\"},\"primaryImageOfPage\":{\"@id\":\"https:\/\/smartdesignmx.com\/index.php\/contacto\/#primaryimage\"},\"datePublished\":\"2020-06-01T18:40:41+00:00\",\"dateModified\":\"2020-12-03T04:01:56+00:00\",\"breadcrumb\":{\"@id\":\"https:\/\/smartdesignmx.com\/index.php\/contacto\/#breadcrumb\"},\"inLanguage\":\"es\",\"potentialAction\":[{\"@type\":\"ReadAction\",\"target\":[\"https:\/\/smartdesignmx.com\/index.php\/contacto\/\"]}]},{\"@type\":\"BreadcrumbList\",\"@id\":\"https:\/\/smartdesignmx.com\/index.php\/contacto\/#breadcrumb\",\"itemListElement\":[{\"@type\":\"ListItem\",\"position\":1,\"name\":\"Home\",\"item\":\"https:\/\/smartdesignmx.com\/\"},{\"@type\":\"ListItem\",\"position\":2,\"name\":\"Contacto\"}]}]}<\/script>\n<!-- \/ Yoast SEO plugin. -->","yoast_head_json":{"title":"Contacto - Smart Design","robots":{"index":"index","follow":"follow","max-snippet":"max-snippet:-1","max-image-preview":"max-image-preview:large","max-video-preview":"max-video-preview:-1"},"canonical":"https:\/\/smartdesignmx.com\/index.php\/contacto\/","og_locale":"es_ES","og_type":"article","og_title":"Contacto - Smart Design","og_description":"\u00a1Cont\u00e1ctanos! Ubicaci\u00f3n Zona Industrial, Alce Blanco, Naucalpan Edo. de M\u00e9x. Tel\u00e9fonos Tel : 55 2267 7824 Email : contacto@smartdesignmx.com Horarios LUN-VIE 09:00 &#8211; 19:00 S\u00c1BADO 10:00 &#8211; 14:00 redes sociales Facebook Twitter Google-plus Youtube","og_url":"https:\/\/smartdesignmx.com\/index.php\/contacto\/","og_site_name":"Smart Design","article_modified_time":"2020-12-03T04:01:56+00:00","og_image":[{"width":1400,"height":785,"url":"https:\/\/smartdesignmx.com\/wp-content\/uploads\/2020\/06\/BANNER-4-1.jpg","type":"image\/jpeg"}],"twitter_card":"summary_large_image","schema":{"@context":"https:\/\/schema.org","@graph":[{"@type":"Organization","@id":"https:\/\/smartdesignmx.com\/#organization","name":"Smart Design","url":"https:\/\/smartdesignmx.com\/","sameAs":[],"logo":{"@type":"ImageObject","inLanguage":"es","@id":"https:\/\/smartdesignmx.com\/#\/schema\/logo\/image\/","url":"https:\/\/smartdesignmx.com\/wp-content\/uploads\/2020\/12\/cropped-LOGOS-07.png","contentUrl":"https:\/\/smartdesignmx.com\/wp-content\/uploads\/2020\/12\/cropped-LOGOS-07.png","width":385,"height":238,"caption":"Smart Design"},"image":{"@id":"https:\/\/smartdesignmx.com\/#\/schema\/logo\/image\/"}},{"@type":"WebSite","@id":"https:\/\/smartdesignmx.com\/#website","url":"https:\/\/smartdesignmx.com\/","name":"Smart Design","description":"SOLUCIONES DIGITALES EN DISE\u00d1O DE MODA","publisher":{"@id":"https:\/\/smartdesignmx.com\/#organization"},"potentialAction":[{"@type":"SearchAction","target":{"@type":"EntryPoint","urlTemplate":"https:\/\/smartdesignmx.com\/?s={search_term_string}"},"query-input":"required name=search_term_string"}],"inLanguage":"es"},{"@type":"ImageObject","inLanguage":"es","@id":"https:\/\/smartdesignmx.com\/index.php\/contacto\/#primaryimage","url":"https:\/\/smartdesignmx.com\/wp-content\/uploads\/2020\/06\/BANNER-4-1.jpg","contentUrl":"https:\/\/smartdesignmx.com\/wp-content\/uploads\/2020\/06\/BANNER-4-1.jpg","width":1400,"height":785},{"@type":"WebPage","@id":"https:\/\/smartdesignmx.com\/index.php\/contacto\/","url":"https:\/\/smartdesignmx.com\/index.php\/contacto\/","name":"Contacto - Smart Design","isPartOf":{"@id":"https:\/\/smartdesignmx.com\/#website"},"primaryImageOfPage":{"@id":"https:\/\/smartdesignmx.com\/index.php\/contacto\/#primaryimage"},"datePublished":"2020-06-01T18:40:41+00:00","dateModified":"2020-12-03T04:01:56+00:00","breadcrumb":{"@id":"https:\/\/smartdesignmx.com\/index.php\/contacto\/#breadcrumb"},"inLanguage":"es","potentialAction":[{"@type":"ReadAction","target":["https:\/\/smartdesignmx.com\/index.php\/contacto\/"]}]},{"@type":"BreadcrumbList","@id":"https:\/\/smartdesignmx.com\/index.php\/contacto\/#breadcrumb","itemListElement":[{"@type":"ListItem","position":1,"name":"Home","item":"https:\/\/smartdesignmx.com\/"},{"@type":"ListItem","position":2,"name":"Contacto"}]}]}},"_links":{"self":[{"href":"https:\/\/smartdesignmx.com\/index.php\/wp-json\/wp\/v2\/pages\/14"}],"collection":[{"href":"https:\/\/smartdesignmx.com\/index.php\/wp-json\/wp\/v2\/pages"}],"about":[{"href":"https:\/\/smartdesignmx.com\/index.php\/wp-json\/wp\/v2\/types\/page"}],"author":[{"embeddable":true,"href":"https:\/\/smartdesignmx.com\/index.php\/wp-json\/wp\/v2\/users\/2"}],"replies":[{"embeddable":true,"href":"https:\/\/smartdesignmx.com\/index.php\/wp-json\/wp\/v2\/comments?post=14"}],"version-history":[{"count":5,"href":"https:\/\/smartdesignmx.com\/index.php\/wp-json\/wp\/v2\/pages\/14\/revisions"}],"predecessor-version":[{"id":213,"href":"https:\/\/smartdesignmx.com\/index.php\/wp-json\/wp\/v2\/pages\/14\/revisions\/213"}],"wp:featuredmedia":[{"embeddable":true,"href":"https:\/\/smartdesignmx.com\/index.php\/wp-json\/wp\/v2\/media\/122"}],"wp:attachment":[{"href":"https:\/\/smartdesignmx.com\/index.php\/wp-json\/wp\/v2\/media?parent=14"}],"curies":[{"name":"wp","href":"https:\/\/api.w.org\/{rel}","templated":true}]}}